{"id":11,"date":"2017-04-13T11:16:12","date_gmt":"2017-04-13T11:16:12","guid":{"rendered":"http:\/\/360feedback.ch\/wp\/?page_id=11"},"modified":"2017-05-03T14:41:29","modified_gmt":"2017-05-03T14:41:29","slug":"home","status":"publish","type":"page","link":"https:\/\/360feedback.ch\/wp\/","title":{"rendered":"Home"},"content":{"rendered":"<div id='layer_slider_1'  class='avia-layerslider main_color avia-shadow  avia-builder-el-0  el_before_av_heading  avia-builder-el-first  container_wrap sidebar_right'  style='height: 151px;'  ><\/div><div id='after_layer_slider_1'  class='main_color av_default_container_wrap container_wrap sidebar_right'  ><div class='container av-section-cont-open' ><div class='template-page content  av-content-small alpha units'><div class='post-entry post-entry-type-page post-entry-11'><div class='entry-content-wrapper clearfix'>\n\n<style type=\"text\/css\" data-created_by=\"avia_inline_auto\" id=\"style-css-av-av_heading-f60f5828be75129303d36746e968ec4e\">\n#top .av-special-heading.av-av_heading-f60f5828be75129303d36746e968ec4e{\npadding-bottom:30px;\nfont-size:28px;\n}\nbody .av-special-heading.av-av_heading-f60f5828be75129303d36746e968ec4e .av-special-heading-tag .heading-char{\nfont-size:25px;\n}\n#top #wrap_all .av-special-heading.av-av_heading-f60f5828be75129303d36746e968ec4e .av-special-heading-tag{\nfont-size:28px;\n}\n.av-special-heading.av-av_heading-f60f5828be75129303d36746e968ec4e .av-subheading{\nfont-size:18px;\n}\n\n@media only screen and (min-width: 480px) and (max-width: 767px){ \n#top #wrap_all .av-special-heading.av-av_heading-f60f5828be75129303d36746e968ec4e .av-special-heading-tag{\nfont-size:0.8em;\n}\n}\n\n@media only screen and (max-width: 479px){ \n#top #wrap_all .av-special-heading.av-av_heading-f60f5828be75129303d36746e968ec4e .av-special-heading-tag{\nfont-size:0.8em;\n}\n}\n<\/style>\n<div  class='av-special-heading av-av_heading-f60f5828be75129303d36746e968ec4e av-special-heading-h2 blockquote modern-quote modern-centered  avia-builder-el-1  el_after_av_layerslider  el_before_av_one_fourth  avia-builder-el-first  av-inherit-size'><h2 class='av-special-heading-tag'  itemprop=\"headline\"  >PROFESSIONELLES FEEDBACK<\/h2><div class='av-subheading av-subheading_below'><p>Wir sind die Profis f\u00fcr online Feedback und 360\u00b0 Feedback im Speziellen<\/p>\n<\/div><div class=\"special-heading-border\"><div class=\"special-heading-inner-border\"><\/div><\/div><\/div>\n<div class='flex_column_table av-av_one_fourth-201587a3cb27360f0e7f6c88d43151c7 sc-av_one_fourth av-equal-height-column-flextable'>\n<style type=\"text\/css\" data-created_by=\"avia_inline_auto\" id=\"style-css-av-av_one_fourth-201587a3cb27360f0e7f6c88d43151c7\">\n.flex_column.av-av_one_fourth-201587a3cb27360f0e7f6c88d43151c7{\n-webkit-border-radius:0px 0px 0px 0px;\n-moz-border-radius:0px 0px 0px 0px;\nborder-radius:0px 0px 0px 0px;\npadding:0px 0px 0px 0px;\n}\n<\/style>\n<div class='flex_column av-av_one_fourth-201587a3cb27360f0e7f6c88d43151c7 av_one_fourth  avia-builder-el-2  el_after_av_heading  el_before_av_one_fourth  first flex_column_table_cell av-equal-height-column av-align-top av-zero-column-padding '     ><article  class='iconbox iconbox_top av-av_icon_box-85cda8288f019bfaaf12ca98383370ce  avia-builder-el-3  avia-builder-el-no-sibling  main_color'  itemscope=\"itemscope\" itemtype=\"https:\/\/schema.org\/CreativeWork\" ><div class=\"iconbox_content\"><header class=\"entry-content-header\"><div class=\"iconbox_icon heading-color\" aria-hidden='true' data-av_icon='\ue808' data-av_iconfont='fontello'><\/div><\/header><div class='iconbox_content_container '  itemprop=\"text\" ><h3 style=\"text-align: center;\"><strong>APPLIKATION<\/strong><\/h3>\n<p style=\"text-align: center;\"><strong>Spezialisiert, bew\u00e4hrt, modern, mehrsprachig,\u00a0 benutzer-freundlich, anpassungsf\u00e4hig<\/strong><\/p>\n<\/div><\/div><footer class=\"entry-footer\"><\/footer><\/article><\/div>\n<div class='av-flex-placeholder'><\/div>\n<style type=\"text\/css\" data-created_by=\"avia_inline_auto\" id=\"style-css-av-av_one_fourth-0aa7055fe62c3622faec82866afbaeb2\">\n.flex_column.av-av_one_fourth-0aa7055fe62c3622faec82866afbaeb2{\n-webkit-border-radius:0px 0px 0px 0px;\n-moz-border-radius:0px 0px 0px 0px;\nborder-radius:0px 0px 0px 0px;\npadding:0px 0px 0px 0px;\n}\n<\/style>\n<div class='flex_column av-av_one_fourth-0aa7055fe62c3622faec82866afbaeb2 av_one_fourth  avia-builder-el-4  el_after_av_one_fourth  el_before_av_one_fourth  flex_column_table_cell av-equal-height-column av-align-top av-zero-column-padding '     ><article  class='iconbox iconbox_top av-av_icon_box-2a8139a76eb5e25947149d4374748a7a  avia-builder-el-5  avia-builder-el-no-sibling  main_color'  itemscope=\"itemscope\" itemtype=\"https:\/\/schema.org\/CreativeWork\" ><div class=\"iconbox_content\"><header class=\"entry-content-header\"><div class=\"iconbox_icon heading-color\" aria-hidden='true' data-av_icon='\ue80b' data-av_iconfont='fontello'><\/div><\/header><div class='iconbox_content_container '  itemprop=\"text\" ><h3 style=\"text-align: center;\">FRAGEB\u00d6GEN<\/h3>\n<p style=\"text-align: center;\"><strong>Bew\u00e4hrte Frageb\u00f6gen oder Anpassung an das firmeneigene Kompetenzen-Modell<\/strong><\/p>\n<\/div><\/div><footer class=\"entry-footer\"><\/footer><\/article><\/div>\n<div class='av-flex-placeholder'><\/div>\n<style type=\"text\/css\" data-created_by=\"avia_inline_auto\" id=\"style-css-av-av_one_fourth-0aa7055fe62c3622faec82866afbaeb2\">\n.flex_column.av-av_one_fourth-0aa7055fe62c3622faec82866afbaeb2{\n-webkit-border-radius:0px 0px 0px 0px;\n-moz-border-radius:0px 0px 0px 0px;\nborder-radius:0px 0px 0px 0px;\npadding:0px 0px 0px 0px;\n}\n<\/style>\n<div class='flex_column av-av_one_fourth-0aa7055fe62c3622faec82866afbaeb2 av_one_fourth  avia-builder-el-6  el_after_av_one_fourth  el_before_av_one_fourth  flex_column_table_cell av-equal-height-column av-align-top av-zero-column-padding '     ><article  class='iconbox iconbox_top av-av_icon_box-7ec74af4dc32e5532f0bfc4330386eb5  avia-builder-el-7  avia-builder-el-no-sibling  main_color'  itemscope=\"itemscope\" itemtype=\"https:\/\/schema.org\/CreativeWork\" ><div class=\"iconbox_content\"><header class=\"entry-content-header\"><div class=\"iconbox_icon heading-color\" aria-hidden='true' data-av_icon='\ue8c6' data-av_iconfont='entypo-fontello'><\/div><\/header><div class='iconbox_content_container '  itemprop=\"text\" ><h3 style=\"text-align: center;\">BERICHTE<\/h3>\n<p style=\"text-align: center;\"><strong>Klar, fokussiert, leicht verst\u00e4ndlich, mit speziellen grafischen Eigenentwicklungen<\/strong><\/p>\n<\/div><\/div><footer class=\"entry-footer\"><\/footer><\/article><\/div>\n<div class='av-flex-placeholder'><\/div>\n<style type=\"text\/css\" data-created_by=\"avia_inline_auto\" id=\"style-css-av-av_one_fourth-0aa7055fe62c3622faec82866afbaeb2\">\n.flex_column.av-av_one_fourth-0aa7055fe62c3622faec82866afbaeb2{\n-webkit-border-radius:0px 0px 0px 0px;\n-moz-border-radius:0px 0px 0px 0px;\nborder-radius:0px 0px 0px 0px;\npadding:0px 0px 0px 0px;\n}\n<\/style>\n<div class='flex_column av-av_one_fourth-0aa7055fe62c3622faec82866afbaeb2 av_one_fourth  avia-builder-el-8  el_after_av_one_fourth  el_before_av_section  avia-builder-el-last  flex_column_table_cell av-equal-height-column av-align-top av-zero-column-padding '     ><article  class='iconbox iconbox_top av-av_icon_box-2b05fcfe9de36ed06bcbc5150348d2e4  avia-builder-el-9  avia-builder-el-no-sibling  main_color'  itemscope=\"itemscope\" itemtype=\"https:\/\/schema.org\/CreativeWork\" ><div class=\"iconbox_content\"><header class=\"entry-content-header\"><div class=\"iconbox_icon heading-color\" aria-hidden='true' data-av_icon='\ue80a' data-av_iconfont='entypo-fontello'><\/div><\/header><div class='iconbox_content_container '  itemprop=\"text\" ><h3 style=\"text-align: center;\">BERATUNG<\/h3>\n<p style=\"text-align: center;\"><strong>Professionell, kundenorientiert, flexibel-mitdenkend, bedarfs- und anforderungsgerecht<br \/>\n<\/strong><\/p>\n<\/div><\/div><footer class=\"entry-footer\"><\/footer><\/article><\/div><\/div><!--close column table wrapper. Autoclose: 1 -->\n<\/div><\/div><\/div><!-- close content main div --><\/div><\/div><div id='av_section_1'  class='avia-section av-av_section-ebf471208000bd55b022e4a0b2072158 alternate_color avia-section-default avia-no-shadow  avia-builder-el-10  el_after_av_one_fourth  el_before_av_textblock  avia-bg-style-scroll container_wrap sidebar_right'  ><div class='container av-section-cont-open' ><div class='template-page content  av-content-small alpha units'><div class='post-entry post-entry-type-page post-entry-11'><div class='entry-content-wrapper clearfix'>\n\n<style type=\"text\/css\" data-created_by=\"avia_inline_auto\" id=\"style-css-av-av_one_full-6126cab7d8fab8d08143dd2dacdf673c\">\n.flex_column.av-av_one_full-6126cab7d8fab8d08143dd2dacdf673c{\n-webkit-border-radius:0px 0px 0px 0px;\n-moz-border-radius:0px 0px 0px 0px;\nborder-radius:0px 0px 0px 0px;\npadding:0px 0px 0px 0px;\n}\n<\/style>\n<div class='flex_column av-av_one_full-6126cab7d8fab8d08143dd2dacdf673c av_one_full  avia-builder-el-11  el_before_av_one_third  avia-builder-el-first  first flex_column_div av-zero-column-padding '     ><style type=\"text\/css\" data-created_by=\"avia_inline_auto\" id=\"style-css-av-av_textblock-78053a814379703d97f6b9d952c790ca\">\n#top .av_textblock_section.av-av_textblock-78053a814379703d97f6b9d952c790ca .avia_textblock{\nfont-size:16px;\n}\n<\/style>\n<section  class='av_textblock_section av-av_textblock-78053a814379703d97f6b9d952c790ca'  itemscope=\"itemscope\" itemtype=\"https:\/\/schema.org\/CreativeWork\" ><div class='avia_textblock'  itemprop=\"text\" ><h4 style=\"text-align: center; margin-bottom: 1em;\">Unsere online Feedback L\u00f6sungen f\u00f6rdern den Austausch von Feedback und die pers\u00f6nliche Weiterentwicklung.<br \/>\nZus\u00e4tzlich verbessern sie Erfolg und Zufriedenheit im Beruf.<\/h4>\n<\/div><\/section><br \/>\n\n<style type=\"text\/css\" data-created_by=\"avia_inline_auto\" id=\"style-css-av-av_hr-fbebcb4fe7f7f93a621d8b6783460008\">\n#top .hr.hr-invisible.av-av_hr-fbebcb4fe7f7f93a621d8b6783460008{\nheight:30px;\n}\n<\/style>\n<div  class='hr av-av_hr-fbebcb4fe7f7f93a621d8b6783460008 hr-invisible  avia-builder-el-13  el_after_av_textblock  avia-builder-el-last '><span class='hr-inner '><span class=\"hr-inner-style\"><\/span><\/span><\/div><\/p><\/div><div class='flex_column_table av-av_one_third-201587a3cb27360f0e7f6c88d43151c7 sc-av_one_third av-equal-height-column-flextable'>\n<style type=\"text\/css\" data-created_by=\"avia_inline_auto\" id=\"style-css-av-av_one_third-201587a3cb27360f0e7f6c88d43151c7\">\n.flex_column.av-av_one_third-201587a3cb27360f0e7f6c88d43151c7{\n-webkit-border-radius:0px 0px 0px 0px;\n-moz-border-radius:0px 0px 0px 0px;\nborder-radius:0px 0px 0px 0px;\npadding:0px 0px 0px 0px;\n}\n<\/style>\n<div class='flex_column av-av_one_third-201587a3cb27360f0e7f6c88d43151c7 av_one_third  avia-builder-el-14  el_after_av_one_full  el_before_av_one_third  first flex_column_table_cell av-equal-height-column av-align-top av-zero-column-padding column-top-margin'     ><section  class='av_textblock_section av-av_textblock-4a4114851b270f675098fcc6e1d65b16'  itemscope=\"itemscope\" itemtype=\"https:\/\/schema.org\/CreativeWork\" ><div class='avia_textblock'  itemprop=\"text\" ><h3 style=\"text-align: center; padding-bottom: 1em;\">UNTERST\u00dcTZEN SIE DEN AUSTAUSCH VON FEEDBACK<\/h3>\n<\/div><\/section><br \/>\n\n<style type=\"text\/css\" data-created_by=\"avia_inline_auto\" id=\"style-css-av-av_textblock-7630f3aa3dde3e09a8dbcd059ed99a21\">\n#top .av_textblock_section.av-av_textblock-7630f3aa3dde3e09a8dbcd059ed99a21 .avia_textblock{\nfont-size:14px;\n}\n<\/style>\n<section  class='av_textblock_section av-av_textblock-7630f3aa3dde3e09a8dbcd059ed99a21'  itemscope=\"itemscope\" itemtype=\"https:\/\/schema.org\/CreativeWork\" ><div class='avia_textblock'  itemprop=\"text\" ><p style=\"text-align: center;\">Wir m\u00fcssen vermehrt komplexe Aufgaben und Interaktionen bew\u00e4ltigen, erhalten aber kaum Feedback und wissen oft nicht, wo wir stehen.<\/p>\n<p style=\"text-align: center;\">Durch unsere Feedback Prozesse erhalten die Personen im Fokus wertvolles Feedback von den relevanten Personen aus ihrem beruflichen Umfeld.<\/p>\n<\/div><\/section><\/p><\/div><div class='av-flex-placeholder'><\/div>\n<style type=\"text\/css\" data-created_by=\"avia_inline_auto\" id=\"style-css-av-av_one_third-531d5d4d3d3a74d4c56d8363993d8877\">\n.flex_column.av-av_one_third-531d5d4d3d3a74d4c56d8363993d8877{\n-webkit-border-radius:0px 0px 0px 0px;\n-moz-border-radius:0px 0px 0px 0px;\nborder-radius:0px 0px 0px 0px;\npadding:0px 0px 0px 0px;\n}\n<\/style>\n<div class='flex_column av-av_one_third-531d5d4d3d3a74d4c56d8363993d8877 av_one_third  avia-builder-el-17  el_after_av_one_third  el_before_av_one_third  flex_column_table_cell av-equal-height-column av-align-top av-zero-column-padding column-top-margin'     ><section  class='av_textblock_section av-av_textblock-396ddf1f42196ca838231e61a4602801'  itemscope=\"itemscope\" itemtype=\"https:\/\/schema.org\/CreativeWork\" ><div class='avia_textblock'  itemprop=\"text\" ><h3 style=\"text-align: center; padding-bottom: 1em;\">F\u00d6RDERN SIE DIE PERS\u00d6NLICHE WEITERENTWICKLUNG<\/h3>\n<\/div><\/section><br \/>\n\n<style type=\"text\/css\" data-created_by=\"avia_inline_auto\" id=\"style-css-av-av_textblock-7630f3aa3dde3e09a8dbcd059ed99a21\">\n#top .av_textblock_section.av-av_textblock-7630f3aa3dde3e09a8dbcd059ed99a21 .avia_textblock{\nfont-size:14px;\n}\n<\/style>\n<section  class='av_textblock_section av-av_textblock-7630f3aa3dde3e09a8dbcd059ed99a21'  itemscope=\"itemscope\" itemtype=\"https:\/\/schema.org\/CreativeWork\" ><div class='avia_textblock'  itemprop=\"text\" ><p style=\"text-align: center;\">Feedback ist f\u00fcr die pers\u00f6nliche Weiterentwicklung unverzichtbar.<\/p>\n<p style=\"text-align: center;\">Das Feedback bietet wertvolle, konkrete Informationen f\u00fcr die Verbesserung von Verhaltensweisen und F\u00e4higkeiten sowie berufliche Entscheidungen und Handlungen.<\/p>\n<\/div><\/section><\/p><\/div><div class='av-flex-placeholder'><\/div>\n<style type=\"text\/css\" data-created_by=\"avia_inline_auto\" id=\"style-css-av-av_one_third-531d5d4d3d3a74d4c56d8363993d8877\">\n.flex_column.av-av_one_third-531d5d4d3d3a74d4c56d8363993d8877{\n-webkit-border-radius:0px 0px 0px 0px;\n-moz-border-radius:0px 0px 0px 0px;\nborder-radius:0px 0px 0px 0px;\npadding:0px 0px 0px 0px;\n}\n<\/style>\n<div class='flex_column av-av_one_third-531d5d4d3d3a74d4c56d8363993d8877 av_one_third  avia-builder-el-20  el_after_av_one_third  avia-builder-el-last  flex_column_table_cell av-equal-height-column av-align-top av-zero-column-padding column-top-margin'     ><section  class='av_textblock_section av-av_textblock-396ddf1f42196ca838231e61a4602801'  itemscope=\"itemscope\" itemtype=\"https:\/\/schema.org\/CreativeWork\" ><div class='avia_textblock'  itemprop=\"text\" ><h3 style=\"text-align: center; padding-bottom: 1em;\">VERBESSERN SIE ERFOLG UND ZUFRIEDENHEIT<\/h3>\n<\/div><\/section><br \/>\n\n<style type=\"text\/css\" data-created_by=\"avia_inline_auto\" id=\"style-css-av-av_textblock-7630f3aa3dde3e09a8dbcd059ed99a21\">\n#top .av_textblock_section.av-av_textblock-7630f3aa3dde3e09a8dbcd059ed99a21 .avia_textblock{\nfont-size:14px;\n}\n<\/style>\n<section  class='av_textblock_section av-av_textblock-7630f3aa3dde3e09a8dbcd059ed99a21'  itemscope=\"itemscope\" itemtype=\"https:\/\/schema.org\/CreativeWork\" ><div class='avia_textblock'  itemprop=\"text\" ><p style=\"text-align: center;\">Das Feedback fokussiert auf die relevanten Themen f\u00fcr die Weiterentwicklung sowie die Zusammenarbeit und den organisatorischen Erfolg.<\/p>\n<p style=\"text-align: center;\">Dies f\u00fchrt zu besseren Leistungen von Einzelpersonen, Teams und der Gesamtorganisation.<\/p>\n<\/div><\/section><\/p><\/div><\/div><!--close column table wrapper. Autoclose: 1 --><\/div><\/div><\/div><!-- close content main div --><\/div><\/div><div id='after_section_1'  class='main_color av_default_container_wrap container_wrap sidebar_right'  ><div class='container av-section-cont-open' ><div class='template-page content  av-content-small alpha units'><div class='post-entry post-entry-type-page post-entry-11'><div class='entry-content-wrapper clearfix'>\n<style type=\"text\/css\" data-created_by=\"avia_inline_auto\" id=\"style-css-av-av_textblock-78053a814379703d97f6b9d952c790ca\">\n#top .av_textblock_section.av-av_textblock-78053a814379703d97f6b9d952c790ca .avia_textblock{\nfont-size:16px;\n}\n<\/style>\n<section  class='av_textblock_section av-av_textblock-78053a814379703d97f6b9d952c790ca'  itemscope=\"itemscope\" itemtype=\"https:\/\/schema.org\/CreativeWork\" ><div class='avia_textblock'  itemprop=\"text\" ><h4 style=\"text-align: center;\">Unsere L\u00f6sungen bieten spezielle Vorteile und haben positive Auswirkungen.<\/h4>\n<\/div><\/section><\/p>\n\n<style type=\"text\/css\" data-created_by=\"avia_inline_auto\" id=\"style-css-av-av_one_third-b18ec1635791c30194c2fc90ea77ba9c\">\n.flex_column.av-av_one_third-b18ec1635791c30194c2fc90ea77ba9c{\n-webkit-border-radius:0px 0px 0px 0px;\n-moz-border-radius:0px 0px 0px 0px;\nborder-radius:0px 0px 0px 0px;\npadding:0px 0px 0px 0px;\n}\n<\/style>\n<div class='flex_column av-av_one_third-b18ec1635791c30194c2fc90ea77ba9c av_one_third  avia-builder-el-24  el_after_av_textblock  el_before_av_one_third  first flex_column_div av-zero-column-padding column-top-margin'     ><section  class='av_textblock_section av-av_textblock-396ddf1f42196ca838231e61a4602801'  itemscope=\"itemscope\" itemtype=\"https:\/\/schema.org\/CreativeWork\" ><div class='avia_textblock'  itemprop=\"text\" ><h3 style=\"text-align: center; margin-bottom: 1em;\">WAS IST SPEZIELL?<\/h3>\n<\/div><\/section><br \/>\n\n<style type=\"text\/css\" data-created_by=\"avia_inline_auto\" id=\"style-css-av-av_textblock-7630f3aa3dde3e09a8dbcd059ed99a21\">\n#top .av_textblock_section.av-av_textblock-7630f3aa3dde3e09a8dbcd059ed99a21 .avia_textblock{\nfont-size:14px;\n}\n<\/style>\n<section  class='av_textblock_section av-av_textblock-7630f3aa3dde3e09a8dbcd059ed99a21'  itemscope=\"itemscope\" itemtype=\"https:\/\/schema.org\/CreativeWork\" ><div class='avia_textblock'  itemprop=\"text\" ><p style=\"text-align: center;\">Zeigt individuelle St\u00e4rken UND Entwicklungsfelder auf<\/p>\n<\/div><\/section><br \/>\n<div  class='hr av-av_hr-e2659f43fdee2dbdaf2a3eb5ce13d9b3 hr-short  avia-builder-el-27  el_after_av_textblock  el_before_av_textblock  hr-center'><span class='hr-inner '><span class=\"hr-inner-style\"><\/span><\/span><\/div><br \/>\n\n<style type=\"text\/css\" data-created_by=\"avia_inline_auto\" id=\"style-css-av-av_textblock-7630f3aa3dde3e09a8dbcd059ed99a21\">\n#top .av_textblock_section.av-av_textblock-7630f3aa3dde3e09a8dbcd059ed99a21 .avia_textblock{\nfont-size:14px;\n}\n<\/style>\n<section  class='av_textblock_section av-av_textblock-7630f3aa3dde3e09a8dbcd059ed99a21'  itemscope=\"itemscope\" itemtype=\"https:\/\/schema.org\/CreativeWork\" ><div class='avia_textblock'  itemprop=\"text\" ><p style=\"text-align: center;\">Best\u00e4tigt eigene Wahrnehmungen UND hebt blinde Flecken hervor<\/p>\n<\/div><\/section><br \/>\n<div  class='hr av-av_hr-e2659f43fdee2dbdaf2a3eb5ce13d9b3 hr-short  avia-builder-el-29  el_after_av_textblock  el_before_av_textblock  hr-center'><span class='hr-inner '><span class=\"hr-inner-style\"><\/span><\/span><\/div><br \/>\n\n<style type=\"text\/css\" data-created_by=\"avia_inline_auto\" id=\"style-css-av-av_textblock-7630f3aa3dde3e09a8dbcd059ed99a21\">\n#top .av_textblock_section.av-av_textblock-7630f3aa3dde3e09a8dbcd059ed99a21 .avia_textblock{\nfont-size:14px;\n}\n<\/style>\n<section  class='av_textblock_section av-av_textblock-7630f3aa3dde3e09a8dbcd059ed99a21'  itemscope=\"itemscope\" itemtype=\"https:\/\/schema.org\/CreativeWork\" ><div class='avia_textblock'  itemprop=\"text\" ><p style=\"text-align: center;\">Gibt Best\u00e4tigung UND bietet neue Einsichten<\/p>\n<\/div><\/section><\/p><\/div>\n\n<style type=\"text\/css\" data-created_by=\"avia_inline_auto\" id=\"style-css-av-av_one_third-531d5d4d3d3a74d4c56d8363993d8877\">\n.flex_column.av-av_one_third-531d5d4d3d3a74d4c56d8363993d8877{\n-webkit-border-radius:0px 0px 0px 0px;\n-moz-border-radius:0px 0px 0px 0px;\nborder-radius:0px 0px 0px 0px;\npadding:0px 0px 0px 0px;\n}\n<\/style>\n<div class='flex_column av-av_one_third-531d5d4d3d3a74d4c56d8363993d8877 av_one_third  avia-builder-el-31  el_after_av_one_third  el_before_av_one_third  flex_column_div av-zero-column-padding column-top-margin'     ><section  class='av_textblock_section av-av_textblock-396ddf1f42196ca838231e61a4602801'  itemscope=\"itemscope\" itemtype=\"https:\/\/schema.org\/CreativeWork\" ><div class='avia_textblock'  itemprop=\"text\" ><h3 style=\"text-align: center;\">WIESO DIESES FEEDBACK?<\/h3>\n<\/div><\/section><br \/>\n\n<style type=\"text\/css\" data-created_by=\"avia_inline_auto\" id=\"style-css-av-av_textblock-7630f3aa3dde3e09a8dbcd059ed99a21\">\n#top .av_textblock_section.av-av_textblock-7630f3aa3dde3e09a8dbcd059ed99a21 .avia_textblock{\nfont-size:14px;\n}\n<\/style>\n<section  class='av_textblock_section av-av_textblock-7630f3aa3dde3e09a8dbcd059ed99a21'  itemscope=\"itemscope\" itemtype=\"https:\/\/schema.org\/CreativeWork\" ><div class='avia_textblock'  itemprop=\"text\" ><p style=\"text-align: center;\">Um das Selbstbild mit dem Fremdbild abzugleichen<\/p>\n<\/div><\/section><br \/>\n<div  class='hr av-av_hr-e2659f43fdee2dbdaf2a3eb5ce13d9b3 hr-short  avia-builder-el-34  el_after_av_textblock  el_before_av_textblock  hr-center'><span class='hr-inner '><span class=\"hr-inner-style\"><\/span><\/span><\/div><br \/>\n\n<style type=\"text\/css\" data-created_by=\"avia_inline_auto\" id=\"style-css-av-av_textblock-7630f3aa3dde3e09a8dbcd059ed99a21\">\n#top .av_textblock_section.av-av_textblock-7630f3aa3dde3e09a8dbcd059ed99a21 .avia_textblock{\nfont-size:14px;\n}\n<\/style>\n<section  class='av_textblock_section av-av_textblock-7630f3aa3dde3e09a8dbcd059ed99a21'  itemscope=\"itemscope\" itemtype=\"https:\/\/schema.org\/CreativeWork\" ><div class='avia_textblock'  itemprop=\"text\" ><p style=\"text-align: center;\">Um bei der Weiterentwicklung auf die relevanten Kompetenzen zu fokussieren<\/p>\n<\/div><\/section><br \/>\n<div  class='hr av-av_hr-e2659f43fdee2dbdaf2a3eb5ce13d9b3 hr-short  avia-builder-el-36  el_after_av_textblock  el_before_av_textblock  hr-center'><span class='hr-inner '><span class=\"hr-inner-style\"><\/span><\/span><\/div><br \/>\n\n<style type=\"text\/css\" data-created_by=\"avia_inline_auto\" id=\"style-css-av-av_textblock-7630f3aa3dde3e09a8dbcd059ed99a21\">\n#top .av_textblock_section.av-av_textblock-7630f3aa3dde3e09a8dbcd059ed99a21 .avia_textblock{\nfont-size:14px;\n}\n<\/style>\n<section  class='av_textblock_section av-av_textblock-7630f3aa3dde3e09a8dbcd059ed99a21'  itemscope=\"itemscope\" itemtype=\"https:\/\/schema.org\/CreativeWork\" ><div class='avia_textblock'  itemprop=\"text\" ><p style=\"text-align: center;\">Um auf effiziente und zielorientierte Weise neue Einsichten zu gewinnen<\/p>\n<\/div><\/section><\/p><\/div>\n\n<style type=\"text\/css\" data-created_by=\"avia_inline_auto\" id=\"style-css-av-av_one_third-531d5d4d3d3a74d4c56d8363993d8877\">\n.flex_column.av-av_one_third-531d5d4d3d3a74d4c56d8363993d8877{\n-webkit-border-radius:0px 0px 0px 0px;\n-moz-border-radius:0px 0px 0px 0px;\nborder-radius:0px 0px 0px 0px;\npadding:0px 0px 0px 0px;\n}\n<\/style>\n<div class='flex_column av-av_one_third-531d5d4d3d3a74d4c56d8363993d8877 av_one_third  avia-builder-el-38  el_after_av_one_third  avia-builder-el-last  flex_column_div av-zero-column-padding column-top-margin'     ><section  class='av_textblock_section av-av_textblock-396ddf1f42196ca838231e61a4602801'  itemscope=\"itemscope\" itemtype=\"https:\/\/schema.org\/CreativeWork\" ><div class='avia_textblock'  itemprop=\"text\" ><h3 style=\"text-align: center;\">WELCHE AUSWIRKUNGEN?<\/h3>\n<\/div><\/section><br \/>\n\n<style type=\"text\/css\" data-created_by=\"avia_inline_auto\" id=\"style-css-av-av_textblock-7630f3aa3dde3e09a8dbcd059ed99a21\">\n#top .av_textblock_section.av-av_textblock-7630f3aa3dde3e09a8dbcd059ed99a21 .avia_textblock{\nfont-size:14px;\n}\n<\/style>\n<section  class='av_textblock_section av-av_textblock-7630f3aa3dde3e09a8dbcd059ed99a21'  itemscope=\"itemscope\" itemtype=\"https:\/\/schema.org\/CreativeWork\" ><div class='avia_textblock'  itemprop=\"text\" ><p style=\"text-align: center;\">Verbesserte Beziehungen und verbesserte Zusammenarbeit<\/p>\n<\/div><\/section><br \/>\n<div  class='hr av-av_hr-e2659f43fdee2dbdaf2a3eb5ce13d9b3 hr-short  avia-builder-el-41  el_after_av_textblock  el_before_av_textblock  hr-center'><span class='hr-inner '><span class=\"hr-inner-style\"><\/span><\/span><\/div><br \/>\n\n<style type=\"text\/css\" data-created_by=\"avia_inline_auto\" id=\"style-css-av-av_textblock-7630f3aa3dde3e09a8dbcd059ed99a21\">\n#top .av_textblock_section.av-av_textblock-7630f3aa3dde3e09a8dbcd059ed99a21 .avia_textblock{\nfont-size:14px;\n}\n<\/style>\n<section  class='av_textblock_section av-av_textblock-7630f3aa3dde3e09a8dbcd059ed99a21'  itemscope=\"itemscope\" itemtype=\"https:\/\/schema.org\/CreativeWork\" ><div class='avia_textblock'  itemprop=\"text\" ><p style=\"text-align: center;\">Bessere Entscheidungen und Massnahmen<\/p>\n<\/div><\/section><br \/>\n<div  class='hr av-av_hr-e2659f43fdee2dbdaf2a3eb5ce13d9b3 hr-short  avia-builder-el-43  el_after_av_textblock  el_before_av_textblock  hr-center'><span class='hr-inner '><span class=\"hr-inner-style\"><\/span><\/span><\/div><br \/>\n\n<style type=\"text\/css\" data-created_by=\"avia_inline_auto\" id=\"style-css-av-av_textblock-7630f3aa3dde3e09a8dbcd059ed99a21\">\n#top .av_textblock_section.av-av_textblock-7630f3aa3dde3e09a8dbcd059ed99a21 .avia_textblock{\nfont-size:14px;\n}\n<\/style>\n<section  class='av_textblock_section av-av_textblock-7630f3aa3dde3e09a8dbcd059ed99a21'  itemscope=\"itemscope\" itemtype=\"https:\/\/schema.org\/CreativeWork\" ><div class='avia_textblock'  itemprop=\"text\" ><p style=\"text-align: center;\">Verbesserte Leistungen auf individueller, Team- und Organisations-Ebene<\/p>\n<\/div><\/section><\/p><\/div>\n","protected":false},"excerpt":{"rendered":"","protected":false},"author":3,"featured_media":0,"parent":0,"menu_order":2,"comment_status":"closed","ping_status":"closed","template":"","meta":{"inline_featured_image":false},"_links":{"self":[{"href":"https:\/\/360feedback.ch\/wp\/wp-json\/wp\/v2\/pages\/11"}],"collection":[{"href":"https:\/\/360feedback.ch\/wp\/wp-json\/wp\/v2\/pages"}],"about":[{"href":"https:\/\/360feedback.ch\/wp\/wp-json\/wp\/v2\/types\/page"}],"author":[{"embeddable":true,"href":"https:\/\/360feedback.ch\/wp\/wp-json\/wp\/v2\/users\/3"}],"replies":[{"embeddable":true,"href":"https:\/\/360feedback.ch\/wp\/wp-json\/wp\/v2\/comments?post=11"}],"version-history":[{"count":101,"href":"https:\/\/360feedback.ch\/wp\/wp-json\/wp\/v2\/pages\/11\/revisions"}],"predecessor-version":[{"id":708,"href":"https:\/\/360feedback.ch\/wp\/wp-json\/wp\/v2\/pages\/11\/revisions\/708"}],"wp:attachment":[{"href":"https:\/\/360feedback.ch\/wp\/wp-json\/wp\/v2\/media?parent=11"}],"curies":[{"name":"wp","href":"https:\/\/api.w.org\/{rel}","templated":true}]}}